{"id":2,"date":"2025-06-17T13:19:19","date_gmt":"2025-06-17T13:19:19","guid":{"rendered":"https:\/\/hooni.io\/?page_id=2"},"modified":"2026-04-22T20:42:17","modified_gmt":"2026-04-22T13:42:17","slug":"sample-page","status":"publish","type":"page","link":"https:\/\/hooni.io\/","title":{"rendered":"Trang ch\u1ee7"},"content":{"rendered":"\t<div class=\"img has-hover x md-x lg-x y md-y lg-y\" id=\"image_196909831\">\n\t\t\t\t\t\t\t\t<div class=\"img-inner dark\" >\n\t\t\t<img loading=\"lazy\" decoding=\"async\" width=\"1920\" height=\"600\" src=\"https:\/\/hooni.io\/wp-content\/uploads\/2025\/09\/188v-banner.png\" class=\"attachment-original size-original\" alt=\"188v banner\" srcset=\"https:\/\/hooni.io\/wp-content\/uploads\/2025\/09\/188v-banner.png 1920w, https:\/\/hooni.io\/wp-content\/uploads\/2025\/09\/188v-banner-300x94.png 300w, https:\/\/hooni.io\/wp-content\/uploads\/2025\/09\/188v-banner-1024x320.png 1024w, https:\/\/hooni.io\/wp-content\/uploads\/2025\/09\/188v-banner-768x240.png 768w, https:\/\/hooni.io\/wp-content\/uploads\/2025\/09\/188v-banner-1536x480.png 1536w\" sizes=\"auto, (max-width: 1920px) 100vw, 1920px\" \/>\t\t\t\t\t\t\n\t\t\t\t\t<\/div>\n\t\t\t\t\t\t\t\t\n<style>\n#image_196909831 {\n  width: 100%;\n}\n<\/style>\n\t<\/div>\n\t\n\n\t<section class=\"section\" id=\"section_615048102\">\n\t\t<div class=\"section-bg fill\" >\n\t\t\t\t\t\t\t\t\t\n\t\t\t\n\n\t\t<\/div>\n\n\t\t\n\n\t\t<div class=\"section-content relative\">\n\t\t\t\n<div class=\"row\"  id=\"row-1457393286\">\n\n\t<div id=\"col-2067157696\" class=\"col small-12 large-12\"  >\n\t\t\t\t<div class=\"col-inner\"  >\n\t\t\t\n\t\t\t\n<h1 style=\"text-align: center;\" data-start=\"210\" data-end=\"285\"><strong data-start=\"210\" data-end=\"283\">188V \u2013 Trang Ch\u1ee7 <\/strong><strong data-start=\"210\" data-end=\"283\">188V<\/strong><strong data-start=\"210\" data-end=\"283\">.COM | Gi\u1ea3i Tr\u00ed C\u00e1 C\u01b0\u1ee3c Minh B\u1ea1ch &amp; An To\u00e0n 2026<\/strong><\/h1>\n<p data-start=\"246\" data-end=\"543\"><a href=\"https:\/\/hooni.io\/\"><strong data-start=\"246\" data-end=\"254\">188V<\/strong><\/a> \u0111ang d\u1ea7n kh\u1eb3ng \u0111\u1ecbnh v\u1ecb th\u1ebf l\u00e0 m\u1ed9t trong nh\u1eefng n\u1ec1n t\u1ea3ng gi\u1ea3i tr\u00ed tr\u1ef1c tuy\u1ebfn \u0111\u01b0\u1ee3c y\u00eau th\u00edch v\u00e0 tin c\u1eady nh\u1ea5t t\u1ea1i Vi\u1ec7t Nam. V\u1edbi h\u1ec7 th\u1ed1ng v\u1eadn h\u00e0nh \u1ed5n \u0111\u1ecbnh, minh b\u1ea1ch v\u00e0 nhi\u1ec1u ch\u01b0\u01a1ng tr\u00ecnh \u01b0u \u0111\u00e3i h\u1ea5p d\u1eabn, <strong>188V<\/strong> \u0111\u00e3 thu h\u00fat h\u00e0ng tri\u1ec7u ng\u01b0\u1eddi ch\u01a1i v\u00e0 x\u00e2y d\u1ef1ng \u0111\u01b0\u1ee3c c\u1ed9ng \u0111\u1ed3ng game th\u1ee7 g\u1eafn b\u00f3 l\u00e2u d\u00e0i.<\/p>\n<p data-start=\"545\" data-end=\"938\">Hi\u1ec7n t\u1ea1i, n\u1ec1n t\u1ea3ng n\u00e0y \u0111\u00e3 ghi nh\u1eadn <strong data-start=\"580\" data-end=\"620\">h\u01a1n 2 tri\u1ec7u t\u00e0i kho\u1ea3n \u0111ang ho\u1ea1t \u0111\u1ed9ng<\/strong>, cho th\u1ea5y s\u1ee9c h\u00fat m\u1ea1nh m\u1ebd c\u00f9ng m\u1ee9c \u0111\u1ed9 h\u00e0i l\u00f2ng cao t\u1eeb ph\u00eda ng\u01b0\u1eddi d\u00f9ng. T\u00ednh an to\u00e0n v\u00e0 minh b\u1ea1ch lu\u00f4n \u0111\u01b0\u1ee3c \u0111\u1eb7t l\u00ean h\u00e0ng \u0111\u1ea7u, khi 188V s\u1edf h\u1eefu <strong data-start=\"762\" data-end=\"795\">gi\u1ea5y ph\u00e9p ho\u1ea1t \u0111\u1ed9ng t\u1eeb PAGCOR<\/strong> c\u00f9ng c\u00e1c ch\u1ee9ng ch\u1ec9 ki\u1ec3m \u0111\u1ecbnh ch\u1ea5t l\u01b0\u1ee3ng qu\u1ed1c t\u1ebf, \u0111\u1ea3m b\u1ea3o m\u1ecdi tr\u1ea3i nghi\u1ec7m c\u1ee7a ng\u01b0\u1eddi ch\u01a1i \u0111\u1ec1u di\u1ec5n ra trong m\u1ed9t m\u00f4i tr\u01b0\u1eddng c\u00f4ng b\u1eb1ng v\u00e0 b\u1ea3o m\u1eadt.<\/p>\n<p data-start=\"1000\" data-end=\"1247\">Ngay khi t\u1ea1o t\u00e0i kho\u1ea3n m\u1edbi t\u1ea1i <strong data-start=\"1031\" data-end=\"1039\">188V.COM<\/strong>, b\u1ea1n s\u1ebd \u0111\u01b0\u1ee3c nh\u1eadn ngay <strong data-start=\"1063\" data-end=\"1079\">58K mi\u1ec5n ph\u00ed<\/strong> m\u00e0 kh\u00f4ng c\u1ea7n n\u1ea1p ti\u1ec1n. Sau b\u01b0\u1edbc x\u00e1c minh \u0111\u01a1n gi\u1ea3n, ng\u01b0\u1eddi ch\u01a1i c\u00f3 th\u1ec3 ngay l\u1eadp t\u1ee9c kh\u00e1m ph\u00e1 kho game \u0111a d\u1ea1ng v\u1edbi h\u01a1n <strong data-start=\"1196\" data-end=\"1213\">2000 tr\u00f2 ch\u01a1i<\/strong> thu\u1ed9c nhi\u1ec1u th\u1ec3 lo\u1ea1i h\u1ea5p d\u1eabn nh\u01b0:<\/p>\n<ul data-start=\"1249\" data-end=\"1395\">\n<li data-start=\"1249\" data-end=\"1277\">\n<p data-start=\"1251\" data-end=\"1277\">C\u00e1 c\u01b0\u1ee3c th\u1ec3 thao &amp; eSports<\/p>\n<\/li>\n<li data-start=\"1278\" data-end=\"1313\">\n<p data-start=\"1280\" data-end=\"1313\">Casino tr\u1ef1c tuy\u1ebfn v\u1edbi dealer th\u1eadt<\/p>\n<\/li>\n<li data-start=\"1314\" data-end=\"1348\">\n<p data-start=\"1316\" data-end=\"1348\">Game b\u1eafn c\u00e1 3D, slots \u0111\u1ed5i th\u01b0\u1edfng<\/p>\n<\/li>\n<li data-start=\"1349\" data-end=\"1395\">\n<p data-start=\"1351\" data-end=\"1395\">V\u00e0 h\u00e0ng lo\u1ea1t mini game gi\u1ea3i tr\u00ed h\u1ea5p d\u1eabn kh\u00e1c<\/p>\n<\/li>\n<\/ul>\n<p data-start=\"1397\" data-end=\"1522\">T\u1ea5t c\u1ea3 c\u00e1c d\u1ecbch v\u1ee5 t\u1ea1i 188V \u0111\u1ec1u ho\u1ea1t \u0111\u1ed9ng <strong data-start=\"1439\" data-end=\"1447\">24\/7<\/strong>, h\u1ed7 tr\u1ee3 ng\u01b0\u1eddi ch\u01a1i m\u1ecdi l\u00fac, m\u1ecdi n\u01a1i, tr\u00ean c\u1ea3 n\u1ec1n t\u1ea3ng m\u00e1y t\u00ednh v\u00e0 di \u0111\u1ed9ng.<\/p>\n<p data-start=\"1397\" data-end=\"1522\">\u0110\u1eebng b\u1ecf l\u1ee1 c\u01a1 h\u1ed9i tham gia s\u00e2n ch\u01a1i \u0111ang \u0111\u01b0\u1ee3c c\u1ed9ng \u0111\u1ed3ng \u0111\u00e1nh gi\u00e1 r\u1ea5t cao v\u1ec1 <strong data-start=\"1638\" data-end=\"1680\">uy t\u00edn, b\u1ea3o m\u1eadt v\u00e0 t\u1ef7 l\u1ec7 th\u1eafng h\u1ea5p d\u1eabn<\/strong>. H\u01a1n <strong data-start=\"1686\" data-end=\"1722\">95% ng\u01b0\u1eddi d\u00f9ng quay l\u1ea1i m\u1ed7i ng\u00e0y<\/strong>, m\u1ed9t minh ch\u1ee9ng r\u00f5 r\u00e0ng cho ch\u1ea5t l\u01b0\u1ee3ng d\u1ecbch v\u1ee5 v\u01b0\u1ee3t tr\u1ed9i m\u00e0 <a href=\"https:\/\/hooni.io\/\"><strong data-start=\"1783\" data-end=\"1791\">188 V<\/strong><\/a> mang l\u1ea1i.<\/p>\n<blockquote>\n<p data-start=\"1397\" data-end=\"1522\">Nhanh tay \u0111\u0103ng tham gia ngay t\u1ea1i <a href=\"https:\/\/hooni.io\/\"><strong>https:\/\/hooni.io\/<\/strong><\/a> .<\/p>\n<\/blockquote>\n\t\t<\/div>\n\t\t\t\t\t<\/div>\n\n\t\n\n\t<div id=\"col-244411208\" class=\"col small-12 large-12\"  >\n\t\t\t\t<div class=\"col-inner\"  >\n\t\t\t\n\t\t\t\n<div class=\"container section-title-container\" ><h2 class=\"section-title section-title-center\"><b><\/b><span class=\"section-title-main\" >T\u1ea3i App<\/span><b><\/b><\/h2><\/div>\n<p><a href=\"https:\/\/hooni.io\/tai-app-188v\/\"><strong>T\u1ea3i app 188V<\/strong><\/a>\u00a0ngay h\u00f4m nay \u0111\u1ec3 nh\u1eadn ngay\u00a0<b>ph\u1ea7n th\u01b0\u1edfng tr\u1ecb gi\u00e1 l\u00ean \u0111\u1ebfn 88k<\/b>! C\u00f9ng tham gia v\u00e0o v\u00f4 s\u1ed1 tr\u00f2 ch\u01a1i v\u00f4 c\u00f9ng th\u00fa v\u1ecb v\u00e0 nh\u1eadn nh\u1eefng ph\u1ea7n qu\u00e1 c\u1ef1c k\u00ec gi\u00e1 tr\u1ecb ..<\/p>\n\t\t<\/div>\n\t\t\t\t\t<\/div>\n\n\t\n\n<style>\n#row-1457393286 > .col > .col-inner {\n  padding: 40px 0px 0px 0px;\n}\n<\/style>\n<\/div>\n\t\t<\/div>\n\n\t\t\n<style>\n#section_615048102 {\n  padding-top: 30px;\n  padding-bottom: 30px;\n}\n<\/style>\n\t<\/section>\n\t\n\n\t<section class=\"section\" id=\"section_973867166\">\n\t\t<div class=\"section-bg fill\" >\n\t\t\t\t\t\t\t\t\t\n\t\t\t\n\n\t\t<\/div>\n\n\t\t\n\n\t\t<div class=\"section-content relative\">\n\t\t\t\n<div class=\"container section-title-container\" ><h2 class=\"section-title section-title-center\"><b><\/b><span class=\"section-title-main\" >Khuy\u1ebfn m\u00e3i<\/span><b><\/b><\/h2><\/div>\n<div class=\"slider-wrapper relative\" id=\"slider-1124827408\" >\n    <div class=\"slider slider-nav-circle slider-nav-large slider-nav-light slider-style-container\"\n        data-flickity-options='{\n            \"cellAlign\": \"center\",\n            \"imagesLoaded\": true,\n            \"lazyLoad\": 1,\n            \"freeScroll\": false,\n            \"wrapAround\": true,\n            \"autoPlay\": 6000,\n            \"pauseAutoPlayOnHover\" : true,\n            \"prevNextButtons\": true,\n            \"contain\" : true,\n            \"adaptiveHeight\" : true,\n            \"dragThreshold\" : 10,\n            \"percentPosition\": true,\n            \"pageDots\": true,\n            \"rightToLeft\": false,\n            \"draggable\": true,\n            \"selectedAttraction\": 0.1,\n            \"parallax\" : 0,\n            \"friction\": 0.6        }'\n        >\n        \n<div class=\"row\"  id=\"row-339459614\">\n\n\t<div id=\"col-600710977\" class=\"col small-12 large-12\"  >\n\t\t\t\t<div class=\"col-inner\"  >\n\t\t\t\n\t\t\t\n\t<div class=\"img has-hover x md-x lg-x y md-y lg-y\" id=\"image_998563154\">\n\t\t\t\t\t\t\t\t<div class=\"img-inner dark\" >\n\t\t\t<img loading=\"lazy\" decoding=\"async\" width=\"917\" height=\"287\" src=\"https:\/\/hooni.io\/wp-content\/uploads\/2025\/09\/khuyenmai-188v-3.png\" class=\"attachment-large size-large\" alt=\"khuy\u1ebfn m\u00e3i 188v\" srcset=\"https:\/\/hooni.io\/wp-content\/uploads\/2025\/09\/khuyenmai-188v-3.png 917w, https:\/\/hooni.io\/wp-content\/uploads\/2025\/09\/khuyenmai-188v-3-300x94.png 300w, https:\/\/hooni.io\/wp-content\/uploads\/2025\/09\/khuyenmai-188v-3-768x240.png 768w\" sizes=\"auto, (max-width: 917px) 100vw, 917px\" \/>\t\t\t\t\t\t\n\t\t\t\t\t<\/div>\n\t\t\t\t\t\t\t\t\n<style>\n#image_998563154 {\n  width: 100%;\n}\n<\/style>\n\t<\/div>\n\t\n<p>T\u1eb7ng ngay 100% gi\u00e1 tr\u1ecb n\u1ea1p \u0111\u1ea7u, t\u1ed1i \u0111a 5.000.000 VN\u0110! Ch\u1ec9 c\u1ea7n \u0111\u0103ng k\u00fd, n\u1ea1p ti\u1ec1n l\u1ea7n \u0111\u1ea7u \u0111\u1ec3 nh\u1eadn th\u01b0\u1edfng, tha h\u1ed3 kh\u00e1m ph\u00e1 h\u00e0ng ng\u00e0n tr\u00f2 ch\u01a1i hot nh\u1ea5t. \u0110\u1eebng b\u1ecf l\u1ee1, tham gia ngay!<\/p>\n\t\t<\/div>\n\t\t\t\t\t<\/div>\n\n\t\n<\/div>\n<div class=\"row\"  id=\"row-1016641735\">\n\n\t<div id=\"col-951209096\" class=\"col small-12 large-12\"  >\n\t\t\t\t<div class=\"col-inner\"  >\n\t\t\t\n\t\t\t\n\t<div class=\"img has-hover x md-x lg-x y md-y lg-y\" id=\"image_12115852\">\n\t\t\t\t\t\t\t\t<div class=\"img-inner dark\" >\n\t\t\t<img loading=\"lazy\" decoding=\"async\" width=\"917\" height=\"287\" src=\"https:\/\/hooni.io\/wp-content\/uploads\/2025\/09\/khuyenmai-188v-1.png\" class=\"attachment-large size-large\" alt=\"khuy\u1ebfn m\u00e3i 188v\" srcset=\"https:\/\/hooni.io\/wp-content\/uploads\/2025\/09\/khuyenmai-188v-1.png 917w, https:\/\/hooni.io\/wp-content\/uploads\/2025\/09\/khuyenmai-188v-1-300x94.png 300w, https:\/\/hooni.io\/wp-content\/uploads\/2025\/09\/khuyenmai-188v-1-768x240.png 768w\" sizes=\"auto, (max-width: 917px) 100vw, 917px\" \/>\t\t\t\t\t\t\n\t\t\t\t\t<\/div>\n\t\t\t\t\t\t\t\t\n<style>\n#image_12115852 {\n  width: 100%;\n}\n<\/style>\n\t<\/div>\n\t\n<p>\u0110\u0103ng k\u00fd ngay, nh\u1eadp m\u00e3 t\u00e2n th\u1ee7 \u0111\u1ec3 nh\u1eadn\u00a0<b>58K mi\u1ec5n ph\u00ed<\/b>! C\u01a1 h\u1ed9i duy nh\u1ea5t d\u00e0nh cho th\u00e0nh vi\u00ean m\u1edbi, kh\u00e1m ph\u00e1 th\u1ebf gi\u1edbi game \u0111\u1ec9nh cao m\u00e0 kh\u00f4ng c\u1ea7n n\u1ea1p ti\u1ec1n. Nhanh tay tham gia, nh\u1eadn code li\u1ec1n tay!<\/p>\n\t\t<\/div>\n\t\t\t\t\t<\/div>\n\n\t\n<\/div>\n<div class=\"row\"  id=\"row-1517935233\">\n\n\t<div id=\"col-2105651557\" class=\"col small-12 large-12\"  >\n\t\t\t\t<div class=\"col-inner\"  >\n\t\t\t\n\t\t\t\n\t<div class=\"img has-hover x md-x lg-x y md-y lg-y\" id=\"image_1016839458\">\n\t\t\t\t\t\t\t\t<div class=\"img-inner dark\" >\n\t\t\t<img loading=\"lazy\" decoding=\"async\" width=\"917\" height=\"287\" src=\"https:\/\/hooni.io\/wp-content\/uploads\/2025\/09\/khuyenmai-188v-2.png\" class=\"attachment-large size-large\" alt=\"khuy\u1ebfn m\u00e3i 188v\" srcset=\"https:\/\/hooni.io\/wp-content\/uploads\/2025\/09\/khuyenmai-188v-2.png 917w, https:\/\/hooni.io\/wp-content\/uploads\/2025\/09\/khuyenmai-188v-2-300x94.png 300w, https:\/\/hooni.io\/wp-content\/uploads\/2025\/09\/khuyenmai-188v-2-768x240.png 768w\" sizes=\"auto, (max-width: 917px) 100vw, 917px\" \/>\t\t\t\t\t\t\n\t\t\t\t\t<\/div>\n\t\t\t\t\t\t\t\t\n<style>\n#image_1016839458 {\n  width: 100%;\n}\n<\/style>\n\t<\/div>\n\t\n<p>\u0110\u1eb7t c\u01b0\u1ee3c th\u1ea3 ga, kh\u00f4ng lo thua l\u1ed7! V\u1edbi ch\u01b0\u01a1ng tr\u00ecnh ho\u00e0n tr\u1ea3 c\u01b0\u1ee3c l\u00ean \u0111\u1ebfn\u00a0<b>1,2%<\/b>, b\u1ea1n s\u1ebd nh\u1eadn l\u1ea1i m\u1ed9t ph\u1ea7n ti\u1ec1n \u0111\u00e3 c\u01b0\u1ee3c, b\u1ea5t k\u1ec3 th\u1eafng hay thua. C\u00e0ng ch\u01a1i nhi\u1ec1u, ho\u00e0n tr\u1ea3 c\u00e0ng l\u1edbn. Tham gia ngay \u0111\u1ec3 t\u1eadn h\u01b0\u1edfng \u01b0u \u0111\u00e3i h\u1ea5p d\u1eabn n\u00e0y!<\/p>\n\t\t<\/div>\n\t\t\t\t\t<\/div>\n\n\t\n<\/div>\n     <\/div>\n\n     <div class=\"loading-spin dark large centered\"><\/div>\n\n\t<\/div>\n\n\n\t\t<\/div>\n\n\t\t\n<style>\n#section_973867166 {\n  padding-top: 30px;\n  padding-bottom: 30px;\n}\n<\/style>\n\t<\/section>\n\t\n","protected":false},"excerpt":{"rendered":"","protected":false},"author":1,"featured_media":0,"parent":0,"menu_order":0,"comment_status":"closed","ping_status":"open","template":"page-blank.php","meta":{"footnotes":""},"class_list":["post-2","page","type-page","status-publish","hentry"],"_links":{"self":[{"href":"https:\/\/hooni.io\/wp-json\/wp\/v2\/pages\/2","targetHints":{"allow":["GET"]}}],"collection":[{"href":"https:\/\/hooni.io\/wp-json\/wp\/v2\/pages"}],"about":[{"href":"https:\/\/hooni.io\/wp-json\/wp\/v2\/types\/page"}],"author":[{"embeddable":true,"href":"https:\/\/hooni.io\/wp-json\/wp\/v2\/users\/1"}],"replies":[{"embeddable":true,"href":"https:\/\/hooni.io\/wp-json\/wp\/v2\/comments?post=2"}],"version-history":[{"count":34,"href":"https:\/\/hooni.io\/wp-json\/wp\/v2\/pages\/2\/revisions"}],"predecessor-version":[{"id":452,"href":"https:\/\/hooni.io\/wp-json\/wp\/v2\/pages\/2\/revisions\/452"}],"wp:attachment":[{"href":"https:\/\/hooni.io\/wp-json\/wp\/v2\/media?parent=2"}],"curies":[{"name":"wp","href":"https:\/\/api.w.org\/{rel}","templated":true}]}}